{"id":1278,"date":"2026-01-09T14:13:33","date_gmt":"2026-01-09T13:13:33","guid":{"rendered":"https:\/\/platanes.h-wd.fr\/?page_id=1278"},"modified":"2026-02-02T10:49:37","modified_gmt":"2026-02-02T09:49:37","slug":"contacto-acceso","status":"publish","type":"page","link":"https:\/\/www.souslesplatanes.com\/es\/contacto-acceso\/","title":{"rendered":"Contacto \/ Acceso"},"content":{"rendered":"<div data-elementor-type=\"wp-page\" data-elementor-id=\"1278\" class=\"elementor elementor-1278\" data-elementor-post-type=\"page\">\n\t\t\t\t\t\t<section class=\"elementor-section elementor-top-section elementor-element elementor-element-57b5b96 elementor-section-boxed elementor-section-height-default elementor-section-height-default\" data-id=\"57b5b96\" data-element_type=\"section\" data-settings=\"{&quot;background_background&quot;:&quot;classic&quot;}\">\n\t\t\t\t\t\t\t<div class=\"elementor-background-overlay\"><\/div>\n\t\t\t\t\t\t\t<div class=\"elementor-container elementor-column-gap-default\">\n\t\t\t\t\t<div class=\"elementor-column elementor-col-100 elementor-top-column elementor-element elementor-element-9197a09\" data-id=\"9197a09\" data-element_type=\"column\">\n\t\t\t<div class=\"elementor-widget-wrap elementor-element-populated\">\n\t\t\t\t\t\t<div class=\"elementor-element elementor-element-916dd4a elementor-icon-list--layout-inline elementor-align-center elementor-list-item-link-full_width elementor-widget elementor-widget-icon-list\" data-id=\"916dd4a\" data-element_type=\"widget\" data-widget_type=\"icon-list.default\">\n\t\t\t\t\t\t\t<ul class=\"elementor-icon-list-items elementor-inline-items\">\n\t\t\t\t\t\t\t<li class=\"elementor-icon-list-item elementor-inline-item\">\n\t\t\t\t\t\t\t\t\t\t\t<a href=\"#\">\n\n\t\t\t\t\t\t\t\t\t\t\t<span class=\"elementor-icon-list-text\">Tu apartahotel en el coraz\u00f3n de Velaux<\/span>\n\t\t\t\t\t\t\t\t\t\t\t<\/a>\n\t\t\t\t\t\t\t\t\t<\/li>\n\t\t\t\t\t\t<\/ul>\n\t\t\t\t\t\t<\/div>\n\t\t\t\t<div class=\"elementor-element elementor-element-2d56a85 elementor-widget elementor-widget-heading\" data-id=\"2d56a85\" data-element_type=\"widget\" id=\"lineheightcheulou\" data-widget_type=\"heading.default\">\n\t\t\t\t\t<h1 class=\"elementor-heading-title elementor-size-default\">Contacto \/ Acceso<\/h1>\t\t\t\t<\/div>\n\t\t\t\t\t<\/div>\n\t\t<\/div>\n\t\t\t\t\t<\/div>\n\t\t<\/section>\n\t\t\t\t<section class=\"elementor-section elementor-top-section elementor-element elementor-element-79c8790 elementor-section-boxed elementor-section-height-default elementor-section-height-default\" data-id=\"79c8790\" data-element_type=\"section\">\n\t\t\t\t\t\t<div class=\"elementor-container elementor-column-gap-default\">\n\t\t\t\t\t<div class=\"elementor-column elementor-col-50 elementor-top-column elementor-element elementor-element-6950aec\" data-id=\"6950aec\" data-element_type=\"column\">\n\t\t\t<div class=\"elementor-widget-wrap elementor-element-populated\">\n\t\t\t\t\t\t<div class=\"elementor-element elementor-element-01d2502 elementor-widget elementor-widget-heading\" data-id=\"01d2502\" data-element_type=\"widget\" data-widget_type=\"heading.default\">\n\t\t\t\t\t<h2 class=\"elementor-heading-title elementor-size-default\">Formulario<\/h2>\t\t\t\t<\/div>\n\t\t\t\t<div class=\"elementor-element elementor-element-191418e elementor-widget elementor-widget-heading\" data-id=\"191418e\" data-element_type=\"widget\" data-widget_type=\"heading.default\">\n\t\t\t\t\t<h3 class=\"elementor-heading-title elementor-size-default\">Escr\u00edbenos<\/h3>\t\t\t\t<\/div>\n\t\t\t\t<div class=\"elementor-element elementor-element-7bea709 elementor-widget elementor-widget-text-editor\" data-id=\"7bea709\" data-element_type=\"widget\" data-widget_type=\"text-editor.default\">\n\t\t\t\t\t\t\t\t\t<p>Si tiene alguna pregunta sobre un alojamiento o una solicitud especial, por favor escr\u00edbanos mediante el formulario adjunto. Para cualquier solicitud de reserva, haga clic a continuaci\u00f3n<\/p>\t\t\t\t\t\t\t\t<\/div>\n\t\t\t\t<div class=\"elementor-element elementor-element-7785ad2 elementor-widget elementor-widget-button\" data-id=\"7785ad2\" data-element_type=\"widget\" data-widget_type=\"button.default\">\n\t\t\t\t\t\t\t\t\t\t<a class=\"elementor-button elementor-button-link elementor-size-sm\" href=\"https:\/\/secure.reservit.com\/engine\/booking\/2\/472361\/dates\" target=\"_blank\" rel=\"nofollow\">\n\t\t\t\t\t\t<span class=\"elementor-button-content-wrapper\">\n\t\t\t\t\t\t<span class=\"elementor-button-icon\">\n\t\t\t\t<svg aria-hidden=\"true\" class=\"e-font-icon-svg e-far-calendar-check\" viewbox=\"0 0 448 512\" xmlns=\"http:\/\/www.w3.org\/2000\/svg\"><path d=\"M400 64h-48V12c0-6.627-5.373-12-12-12h-40c-6.627 0-12 5.373-12 12v52H160V12c0-6.627-5.373-12-12-12h-40c-6.627 0-12 5.373-12 12v52H48C21.49 64 0 85.49 0 112v352c0 26.51 21.49 48 48 48h352c26.51 0 48-21.49 48-48V112c0-26.51-21.49-48-48-48zm-6 400H54a6 6 0 0 1-6-6V160h352v298a6 6 0 0 1-6 6zm-52.849-200.65L198.842 404.519c-4.705 4.667-12.303 4.637-16.971-.068l-75.091-75.699c-4.667-4.705-4.637-12.303.068-16.971l22.719-22.536c4.705-4.667 12.303-4.637 16.97.069l44.104 44.461 111.072-110.181c4.705-4.667 12.303-4.637 16.971.068l22.536 22.718c4.667 4.705 4.636 12.303-.069 16.97z\"><\/path><\/svg>\t\t\t<\/span>\n\t\t\t\t\t\t\t\t\t<span class=\"elementor-button-text\">Reserva al mejor precio<\/span>\n\t\t\t\t\t<\/span>\n\t\t\t\t\t<\/a>\n\t\t\t\t\t\t\t\t<\/div>\n\t\t\t\t\t<\/div>\n\t\t<\/div>\n\t\t\t\t<div class=\"elementor-column elementor-col-50 elementor-top-column elementor-element elementor-element-a25e337\" data-id=\"a25e337\" data-element_type=\"column\" data-settings=\"{&quot;background_background&quot;:&quot;classic&quot;}\">\n\t\t\t<div class=\"elementor-widget-wrap elementor-element-populated\">\n\t\t\t\t\t\t<div class=\"elementor-element elementor-element-9a66189 elementor-button-align-stretch elementor-widget elementor-widget-form\" data-id=\"9a66189\" data-element_type=\"widget\" data-settings=\"{&quot;step_next_label&quot;:&quot;Suivant&quot;,&quot;step_previous_label&quot;:&quot;Pr\\u00e9c\\u00e9dent&quot;,&quot;button_width&quot;:&quot;100&quot;,&quot;step_type&quot;:&quot;number_text&quot;,&quot;step_icon_shape&quot;:&quot;circle&quot;}\" data-widget_type=\"form.default\">\n\t\t\t\t\t\t\t<form class=\"elementor-form\" method=\"post\" name=\"Nouveau formulaire\" aria-label=\"Nuevo formulario\" action=\"\">\n\t\t\t<input type=\"hidden\" name=\"post_id\" value=\"1278\"\/>\n\t\t\t<input type=\"hidden\" name=\"form_id\" value=\"9a66189\"\/>\n\t\t\t<input type=\"hidden\" name=\"referer_title\" value=\"Contact \/ Acc\u00e8s | Appart Hotel Velaux |\u00a0Sous Les Platanes\" \/>\n\n\t\t\t\t\t\t\t<input type=\"hidden\" name=\"queried_id\" value=\"1278\"\/>\n\t\t\t\n\t\t\t<div class=\"elementor-form-fields-wrapper elementor-labels-\">\n\t\t\t\t\t\t\t\t<div class=\"elementor-field-type-text elementor-field-group elementor-column elementor-field-group-name elementor-col-50 elementor-field-required\">\n\t\t\t\t\t\t\t\t\t\t\t\t<label for=\"form-field-name\" class=\"elementor-field-label elementor-screen-only\">\n\t\t\t\t\t\t\t\tApellido\t\t\t\t\t\t\t<\/label>\n\t\t\t\t\t\t\t\t\t\t\t\t\t\t<input size=\"1\" type=\"text\" name=\"form_fields[name]\" id=\"form-field-name\" class=\"elementor-field elementor-size-sm  elementor-field-textual\" placeholder=\"Apellido\" required=\"required\">\n\t\t\t\t\t\t\t\t\t\t\t<\/div>\n\t\t\t\t\t\t\t\t<div class=\"elementor-field-type-text elementor-field-group elementor-column elementor-field-group-field_2f781a8 elementor-col-50 elementor-field-required\">\n\t\t\t\t\t\t\t\t\t\t\t\t<label for=\"form-field-field_2f781a8\" class=\"elementor-field-label elementor-screen-only\">\n\t\t\t\t\t\t\t\tNombre\t\t\t\t\t\t\t<\/label>\n\t\t\t\t\t\t\t\t\t\t\t\t\t\t<input size=\"1\" type=\"text\" name=\"form_fields[field_2f781a8]\" id=\"form-field-field_2f781a8\" class=\"elementor-field elementor-size-sm  elementor-field-textual\" placeholder=\"Nombre\" required=\"required\">\n\t\t\t\t\t\t\t\t\t\t\t<\/div>\n\t\t\t\t\t\t\t\t<div class=\"elementor-field-type-email elementor-field-group elementor-column elementor-field-group-email elementor-col-100 elementor-field-required\">\n\t\t\t\t\t\t\t\t\t\t\t\t<label for=\"form-field-email\" class=\"elementor-field-label elementor-screen-only\">\n\t\t\t\t\t\t\t\tCorreo electr\u00f3nico\t\t\t\t\t\t\t<\/label>\n\t\t\t\t\t\t\t\t\t\t\t\t\t\t<input size=\"1\" type=\"email\" name=\"form_fields[email]\" id=\"form-field-email\" class=\"elementor-field elementor-size-sm  elementor-field-textual\" placeholder=\"Correo electr\u00f3nico\" required=\"required\">\n\t\t\t\t\t\t\t\t\t\t\t<\/div>\n\t\t\t\t\t\t\t\t<div class=\"elementor-field-type-textarea elementor-field-group elementor-column elementor-field-group-message elementor-col-100\">\n\t\t\t\t\t\t\t\t\t\t\t\t<label for=\"form-field-message\" class=\"elementor-field-label elementor-screen-only\">\n\t\t\t\t\t\t\t\tMensaje\t\t\t\t\t\t\t<\/label>\n\t\t\t\t\t\t<textarea class=\"elementor-field-textual elementor-field  elementor-size-sm\" name=\"form_fields[message]\" id=\"form-field-message\" rows=\"4\" placeholder=\"Mensaje\"><\/textarea>\t\t\t\t<\/div>\n\t\t\t\t\t\t\t\t<div class=\"elementor-field-type-recaptcha_v3 elementor-field-group elementor-column elementor-field-group-field_fb35ea5 elementor-col-100 recaptcha_v3-bottomright\">\n\t\t\t\t\t<div class=\"elementor-field\" id=\"form-field-field_fb35ea5\"><div class=\"elementor-g-recaptcha\" data-sitekey=\"6LeeTlssAAAAALcFQK_kEi3zQ_mlDSEN6txTDzO9\" data-type=\"v3\" data-action=\"Form\" data-badge=\"bottomright\" data-size=\"invisible\"><\/div><\/div>\t\t\t\t<\/div>\n\t\t\t\t\t\t\t\t<div class=\"elementor-field-group elementor-column elementor-field-type-submit elementor-col-100 e-form__buttons\">\n\t\t\t\t\t<button class=\"elementor-button elementor-size-sm\" type=\"submit\">\n\t\t\t\t\t\t<span class=\"elementor-button-content-wrapper\">\n\t\t\t\t\t\t\t\t\t\t\t\t\t\t\t<span class=\"elementor-button-icon\">\n\t\t\t\t\t\t\t\t\t<svg aria-hidden=\"true\" class=\"e-font-icon-svg e-far-paper-plane\" viewbox=\"0 0 512 512\" xmlns=\"http:\/\/www.w3.org\/2000\/svg\"><path d=\"M440 6.5L24 246.4c-34.4 19.9-31.1 70.8 5.7 85.9L144 379.6V464c0 46.4 59.2 65.5 86.6 28.6l43.8-59.1 111.9 46.2c5.9 2.4 12.1 3.6 18.3 3.6 8.2 0 16.3-2.1 23.6-6.2 12.8-7.2 21.6-20 23.9-34.5l59.4-387.2c6.1-40.1-36.9-68.8-71.5-48.9zM192 464v-64.6l36.6 15.1L192 464zm212.6-28.7l-153.8-63.5L391 169.5c10.7-15.5-9.5-33.5-23.7-21.2L155.8 332.6 48 288 464 48l-59.4 387.3z\"><\/path><\/svg>\t\t\t\t\t\t\t\t\t\t\t\t\t\t\t\t\t<\/span>\n\t\t\t\t\t\t\t\t\t\t\t\t\t\t\t\t\t\t\t\t\t\t<span class=\"elementor-button-text\">Enviar<\/span>\n\t\t\t\t\t\t\t\t\t\t\t\t\t<\/span>\n\t\t\t\t\t<\/button>\n\t\t\t\t<\/div>\n\t\t\t<\/div>\n\t\t<input type=\"hidden\" name=\"trp-form-language\" value=\"es\"\/><\/form>\n\t\t\t\t\t\t<\/div>\n\t\t\t\t\t<\/div>\n\t\t<\/div>\n\t\t\t\t\t<\/div>\n\t\t<\/section>\n\t\t<div class=\"elementor-element elementor-element-a79fad8 e-con-full e-flex e-con e-parent\" data-id=\"a79fad8\" data-element_type=\"container\">\n\t\t\t\t<div class=\"elementor-element elementor-element-795c747 elementor-widget elementor-widget-html\" data-id=\"795c747\" data-element_type=\"widget\" data-widget_type=\"html.default\">\n\t\t\t\t\t<iframe style=\"filter:grayscale(0.7)\" src=\"https:\/\/www.google.com\/maps\/embed?pb=!1m18!1m12!1m3!1d155494.03767766626!2d5.16255171845544!3d43.52348176608969!2m3!1f0!2f0!3f0!3m2!1i1024!2i768!4f13.1!3m3!1m2!1s0x12c9f1dc29247e83%3A0x37384e1545823ec7!2sLocation%20Sous%20Les%20Platanes%20Provence%20Appart%20H%C3%B4tel!5e0!3m2!1sfr!2sfr!4v1767964757155!5m2!1sfr!2sfr\" width=\"600\" height=\"450\" allowfullscreen=\"\" loading=\"lazy\" referrerpolicy=\"no-referrer-when-downgrade\"><\/iframe>\t\t\t\t<\/div>\n\t\t\t\t<\/div>\n\t\t\t\t<\/div>","protected":false},"excerpt":{"rendered":"<p>Su aparthotel en el coraz\u00f3n de Velaux Contacto \/ Acceso Formulario Escr\u00edbanos Si tiene una pregunta sobre un alojamiento o una solicitud especial, por favor escr\u00edbanos mediante el formulario adjunto. Para cualquier solicitud de reserva, haga clic a continuaci\u00f3n Reserva al mejor precio<\/p>","protected":false},"author":1,"featured_media":1890,"parent":0,"menu_order":0,"comment_status":"closed","ping_status":"closed","template":"","meta":{"footnotes":""},"class_list":["post-1278","page","type-page","status-publish","has-post-thumbnail","hentry"],"yoast_head":"<!-- This site is optimized with the Yoast SEO plugin v26.8 - https:\/\/yoast.com\/product\/yoast-seo-wordpress\/ -->\n<title>Contact \/ Acc\u00e8s | Appart Hotel Velaux |\u00a0Sous Les Platanes<\/title>\n<meta name=\"description\" content=\"Contactez votre appart\u2019h\u00f4tel au c\u0153ur de Velaux : formulaire, acc\u00e8s et demandes sp\u00e9ciales. Pour r\u00e9server, lien direct au meilleur tarif. En savoir plus\" \/>\n<meta name=\"robots\" content=\"index, follow, max-snippet:-1, max-image-preview:large, max-video-preview:-1\" \/>\n<link rel=\"canonical\" href=\"https:\/\/www.souslesplatanes.com\/es\/contacto-acceso\/\" \/>\n<meta property=\"og:locale\" content=\"es_ES\" \/>\n<meta property=\"og:type\" content=\"article\" \/>\n<meta property=\"og:title\" content=\"Contact \/ Acc\u00e8s | Appart Hotel Velaux |\u00a0Sous Les Platanes\" \/>\n<meta property=\"og:description\" content=\"Contactez votre appart\u2019h\u00f4tel au c\u0153ur de Velaux : formulaire, acc\u00e8s et demandes sp\u00e9ciales. Pour r\u00e9server, lien direct au meilleur tarif. En savoir plus\" \/>\n<meta property=\"og:url\" content=\"https:\/\/www.souslesplatanes.com\/es\/contacto-acceso\/\" \/>\n<meta property=\"og:site_name\" content=\"Appart Hotel Velaux |\u00a0Sous Les Platanes\" \/>\n<meta property=\"article:modified_time\" content=\"2026-02-02T09:49:37+00:00\" \/>\n<meta property=\"og:image\" content=\"https:\/\/www.souslesplatanes.com\/wp-content\/uploads\/2026\/01\/elegance-102-hotel-velaux-location-appartement-velaux-hotel-bnb-locations-saisonnieres-studio-deluxe-2-e3296711-8776-403f-aa0a-47bac2b13f22.jpg\" \/>\n\t<meta property=\"og:image:width\" content=\"2400\" \/>\n\t<meta property=\"og:image:height\" content=\"1600\" \/>\n\t<meta property=\"og:image:type\" content=\"image\/jpeg\" \/>\n<script type=\"application\/ld+json\" class=\"yoast-schema-graph\">{\"@context\":\"https:\/\/schema.org\",\"@graph\":[{\"@type\":\"WebPage\",\"@id\":\"https:\/\/www.souslesplatanes.com\/contact-acces\/\",\"url\":\"https:\/\/www.souslesplatanes.com\/contact-acces\/\",\"name\":\"Contact \/ Acc\u00e8s | Appart Hotel Velaux |\u00a0Sous Les Platanes\",\"isPartOf\":{\"@id\":\"https:\/\/www.souslesplatanes.com\/#website\"},\"primaryImageOfPage\":{\"@id\":\"https:\/\/www.souslesplatanes.com\/contact-acces\/#primaryimage\"},\"image\":{\"@id\":\"https:\/\/www.souslesplatanes.com\/contact-acces\/#primaryimage\"},\"thumbnailUrl\":\"https:\/\/www.souslesplatanes.com\/wp-content\/uploads\/2026\/01\/elegance-102-hotel-velaux-location-appartement-velaux-hotel-bnb-locations-saisonnieres-studio-deluxe-2-e3296711-8776-403f-aa0a-47bac2b13f22.jpg\",\"datePublished\":\"2026-01-09T13:13:33+00:00\",\"dateModified\":\"2026-02-02T09:49:37+00:00\",\"description\":\"Contactez votre appart\u2019h\u00f4tel au c\u0153ur de Velaux : formulaire, acc\u00e8s et demandes sp\u00e9ciales. Pour r\u00e9server, lien direct au meilleur tarif. En savoir plus\",\"breadcrumb\":{\"@id\":\"https:\/\/www.souslesplatanes.com\/contact-acces\/#breadcrumb\"},\"inLanguage\":\"es\",\"potentialAction\":[{\"@type\":\"ReadAction\",\"target\":[\"https:\/\/www.souslesplatanes.com\/contact-acces\/\"]}]},{\"@type\":\"ImageObject\",\"inLanguage\":\"es\",\"@id\":\"https:\/\/www.souslesplatanes.com\/contact-acces\/#primaryimage\",\"url\":\"https:\/\/www.souslesplatanes.com\/wp-content\/uploads\/2026\/01\/elegance-102-hotel-velaux-location-appartement-velaux-hotel-bnb-locations-saisonnieres-studio-deluxe-2-e3296711-8776-403f-aa0a-47bac2b13f22.jpg\",\"contentUrl\":\"https:\/\/www.souslesplatanes.com\/wp-content\/uploads\/2026\/01\/elegance-102-hotel-velaux-location-appartement-velaux-hotel-bnb-locations-saisonnieres-studio-deluxe-2-e3296711-8776-403f-aa0a-47bac2b13f22.jpg\",\"width\":2400,\"height\":1600},{\"@type\":\"BreadcrumbList\",\"@id\":\"https:\/\/www.souslesplatanes.com\/contact-acces\/#breadcrumb\",\"itemListElement\":[{\"@type\":\"ListItem\",\"position\":1,\"name\":\"Accueil\",\"item\":\"https:\/\/www.souslesplatanes.com\/\"},{\"@type\":\"ListItem\",\"position\":2,\"name\":\"Contact \/ Acc\u00e8s\"}]},{\"@type\":\"WebSite\",\"@id\":\"https:\/\/www.souslesplatanes.com\/#website\",\"url\":\"https:\/\/www.souslesplatanes.com\/\",\"name\":\"Sous Les Platanes\",\"description\":\"\",\"publisher\":{\"@id\":\"https:\/\/www.souslesplatanes.com\/#organization\"},\"alternateName\":\"Hotel \u00e0 Velaux\",\"potentialAction\":[{\"@type\":\"SearchAction\",\"target\":{\"@type\":\"EntryPoint\",\"urlTemplate\":\"https:\/\/www.souslesplatanes.com\/?s={search_term_string}\"},\"query-input\":{\"@type\":\"PropertyValueSpecification\",\"valueRequired\":true,\"valueName\":\"search_term_string\"}}],\"inLanguage\":\"es\"},{\"@type\":\"Organization\",\"@id\":\"https:\/\/www.souslesplatanes.com\/#organization\",\"name\":\"Sous Les Platanes\",\"alternateName\":\"H\u00f4tel \u00e0 Velaux\",\"url\":\"https:\/\/www.souslesplatanes.com\/\",\"logo\":{\"@type\":\"ImageObject\",\"inLanguage\":\"es\",\"@id\":\"https:\/\/www.souslesplatanes.com\/#\/schema\/logo\/image\/\",\"url\":\"https:\/\/www.souslesplatanes.com\/wp-content\/uploads\/2025\/12\/cropped-sous_les_platanes-cmjn.png\",\"contentUrl\":\"https:\/\/www.souslesplatanes.com\/wp-content\/uploads\/2025\/12\/cropped-sous_les_platanes-cmjn.png\",\"width\":1211,\"height\":1034,\"caption\":\"Sous Les Platanes\"},\"image\":{\"@id\":\"https:\/\/www.souslesplatanes.com\/#\/schema\/logo\/image\/\"},\"sameAs\":[\"https:\/\/www.instagram.com\/sous_les_platanes\/\"]}]}<\/script>\n<!-- \/ Yoast SEO plugin. -->","yoast_head_json":{"title":"Contacto \/ Acceso | Appart Hotel Velaux |\u00a0Sous Les Platanes","description":"Contacte con su apartahotel en el coraz\u00f3n de Velaux: formulario, acceso y solicitudes especiales. Para reservar, enlace directo a la mejor tarifa. M\u00e1s informaci\u00f3n","robots":{"index":"index","follow":"follow","max-snippet":"max-snippet:-1","max-image-preview":"max-image-preview:large","max-video-preview":"max-video-preview:-1"},"canonical":"https:\/\/www.souslesplatanes.com\/es\/contacto-acceso\/","og_locale":"es_ES","og_type":"article","og_title":"Contact \/ Acc\u00e8s | Appart Hotel Velaux |\u00a0Sous Les Platanes","og_description":"Contactez votre appart\u2019h\u00f4tel au c\u0153ur de Velaux : formulaire, acc\u00e8s et demandes sp\u00e9ciales. Pour r\u00e9server, lien direct au meilleur tarif. En savoir plus","og_url":"https:\/\/www.souslesplatanes.com\/es\/contacto-acceso\/","og_site_name":"Appart Hotel Velaux |\u00a0Sous Les Platanes","article_modified_time":"2026-02-02T09:49:37+00:00","og_image":[{"width":2400,"height":1600,"url":"https:\/\/www.souslesplatanes.com\/wp-content\/uploads\/2026\/01\/elegance-102-hotel-velaux-location-appartement-velaux-hotel-bnb-locations-saisonnieres-studio-deluxe-2-e3296711-8776-403f-aa0a-47bac2b13f22.jpg","type":"image\/jpeg"}],"schema":{"@context":"https:\/\/schema.org","@graph":[{"@type":"WebPage","@id":"https:\/\/www.souslesplatanes.com\/contact-acces\/","url":"https:\/\/www.souslesplatanes.com\/contact-acces\/","name":"Contacto \/ Acceso | Appart Hotel Velaux |\u00a0Sous Les Platanes","isPartOf":{"@id":"https:\/\/www.souslesplatanes.com\/#website"},"primaryImageOfPage":{"@id":"https:\/\/www.souslesplatanes.com\/contact-acces\/#primaryimage"},"image":{"@id":"https:\/\/www.souslesplatanes.com\/contact-acces\/#primaryimage"},"thumbnailUrl":"https:\/\/www.souslesplatanes.com\/wp-content\/uploads\/2026\/01\/elegance-102-hotel-velaux-location-appartement-velaux-hotel-bnb-locations-saisonnieres-studio-deluxe-2-e3296711-8776-403f-aa0a-47bac2b13f22.jpg","datePublished":"2026-01-09T13:13:33+00:00","dateModified":"2026-02-02T09:49:37+00:00","description":"Contacte con su apartahotel en el coraz\u00f3n de Velaux: formulario, acceso y solicitudes especiales. Para reservar, enlace directo a la mejor tarifa. M\u00e1s informaci\u00f3n","breadcrumb":{"@id":"https:\/\/www.souslesplatanes.com\/contact-acces\/#breadcrumb"},"inLanguage":"es","potentialAction":[{"@type":"ReadAction","target":["https:\/\/www.souslesplatanes.com\/contact-acces\/"]}]},{"@type":"ImageObject","inLanguage":"es","@id":"https:\/\/www.souslesplatanes.com\/contact-acces\/#primaryimage","url":"https:\/\/www.souslesplatanes.com\/wp-content\/uploads\/2026\/01\/elegance-102-hotel-velaux-location-appartement-velaux-hotel-bnb-locations-saisonnieres-studio-deluxe-2-e3296711-8776-403f-aa0a-47bac2b13f22.jpg","contentUrl":"https:\/\/www.souslesplatanes.com\/wp-content\/uploads\/2026\/01\/elegance-102-hotel-velaux-location-appartement-velaux-hotel-bnb-locations-saisonnieres-studio-deluxe-2-e3296711-8776-403f-aa0a-47bac2b13f22.jpg","width":2400,"height":1600},{"@type":"BreadcrumbList","@id":"https:\/\/www.souslesplatanes.com\/contact-acces\/#breadcrumb","itemListElement":[{"@type":"ListItem","position":1,"name":"Accueil","item":"https:\/\/www.souslesplatanes.com\/"},{"@type":"ListItem","position":2,"name":"Contact \/ Acc\u00e8s"}]},{"@type":"WebSite","@id":"https:\/\/www.souslesplatanes.com\/#website","url":"https:\/\/www.souslesplatanes.com\/","name":"Bajo los pl\u00e1tanos","description":"","publisher":{"@id":"https:\/\/www.souslesplatanes.com\/#organization"},"alternateName":"Hotel \u00e0 Velaux","potentialAction":[{"@type":"SearchAction","target":{"@type":"EntryPoint","urlTemplate":"https:\/\/www.souslesplatanes.com\/?s={search_term_string}"},"query-input":{"@type":"PropertyValueSpecification","valueRequired":true,"valueName":"search_term_string"}}],"inLanguage":"es"},{"@type":"Organization","@id":"https:\/\/www.souslesplatanes.com\/#organization","name":"Bajo los pl\u00e1tanos","alternateName":"H\u00f4tel \u00e0 Velaux","url":"https:\/\/www.souslesplatanes.com\/","logo":{"@type":"ImageObject","inLanguage":"es","@id":"https:\/\/www.souslesplatanes.com\/#\/schema\/logo\/image\/","url":"https:\/\/www.souslesplatanes.com\/wp-content\/uploads\/2025\/12\/cropped-sous_les_platanes-cmjn.png","contentUrl":"https:\/\/www.souslesplatanes.com\/wp-content\/uploads\/2025\/12\/cropped-sous_les_platanes-cmjn.png","width":1211,"height":1034,"caption":"Sous Les Platanes"},"image":{"@id":"https:\/\/www.souslesplatanes.com\/#\/schema\/logo\/image\/"},"sameAs":["https:\/\/www.instagram.com\/sous_les_platanes\/"]}]}},"_links":{"self":[{"href":"https:\/\/www.souslesplatanes.com\/es\/wp-json\/wp\/v2\/pages\/1278","targetHints":{"allow":["GET"]}}],"collection":[{"href":"https:\/\/www.souslesplatanes.com\/es\/wp-json\/wp\/v2\/pages"}],"about":[{"href":"https:\/\/www.souslesplatanes.com\/es\/wp-json\/wp\/v2\/types\/page"}],"author":[{"embeddable":true,"href":"https:\/\/www.souslesplatanes.com\/es\/wp-json\/wp\/v2\/users\/1"}],"replies":[{"embeddable":true,"href":"https:\/\/www.souslesplatanes.com\/es\/wp-json\/wp\/v2\/comments?post=1278"}],"version-history":[{"count":8,"href":"https:\/\/www.souslesplatanes.com\/es\/wp-json\/wp\/v2\/pages\/1278\/revisions"}],"predecessor-version":[{"id":2007,"href":"https:\/\/www.souslesplatanes.com\/es\/wp-json\/wp\/v2\/pages\/1278\/revisions\/2007"}],"wp:featuredmedia":[{"embeddable":true,"href":"https:\/\/www.souslesplatanes.com\/es\/wp-json\/wp\/v2\/media\/1890"}],"wp:attachment":[{"href":"https:\/\/www.souslesplatanes.com\/es\/wp-json\/wp\/v2\/media?parent=1278"}],"curies":[{"name":"wp","href":"https:\/\/api.w.org\/{rel}","templated":true}]}}